{"id":11,"date":"2024-09-23T05:37:28","date_gmt":"2024-09-23T05:37:28","guid":{"rendered":"http:\/\/localhost:10008\/?page_id=6"},"modified":"2025-11-04T07:11:45","modified_gmt":"2025-11-04T07:11:45","slug":"landing","status":"publish","type":"page","link":"https:\/\/energijaplus.si\/akcijska-ponudba\/","title":{"rendered":"Landing"},"content":{"rendered":"<div id=\"pl-11\"  class=\"panel-layout\" ><div id=\"pg-11-0\"  class=\"panel-grid panel-has-style\" ><div class=\"text-light siteorigin-panels-stretch panel-row-style panel-row-style-for-11-0\" id=\"hero-section\" data-stretch-type=\"full\" ><div id=\"pgc-11-0-0\"  class=\"panel-grid-cell panel-grid-cell-mobile-last\" ><div class=\"panel-cell-style panel-cell-style-for-11-0-0\" ><div id=\"panel-11-0-0-0\" class=\"so-panel widget widget_sow-editor panel-first-child\" data-index=\"0\" ><div\n\t\t\t\n\t\t\tclass=\"so-widget-sow-editor so-widget-sow-editor-base\"\n\t\t\t\n\t\t>\n<div class=\"siteorigin-widget-tinymce textwidget\">\n\t<h1>Posel na <span class=\"plus\">+<\/span>,<br \/>stro\u0161ki v minus!<\/h1>\n<p>Akcijska ponudba elektrike za male poslovne odjemalce.<\/p>\n<\/div>\n<\/div><\/div><div id=\"panel-11-0-0-1\" class=\"so-panel widget widget_ctrl_buttons panel-last-child\" data-index=\"1\" ><div\n\t\t\t\n\t\t\tclass=\"so-widget-ctrl_buttons so-widget-ctrl_buttons-base\"\n\t\t\t\n\t\t>\t<div class=\"btn-group \">\n\t\t\t\t\t\n\t\t\t<a class=\"btn btn-cta\" href=\"#form-cell\" aria-label=\"Izkoristite akcijo in prihranite!\">Izkoristite akcijo in prihranite!<\/a>\n\n\t\t\t<\/div>\n<\/div><\/div><\/div><\/div><div id=\"pgc-11-0-1\"  class=\"panel-grid-cell panel-grid-cell-empty\" ><\/div><\/div><\/div><div id=\"pg-11-1\"  class=\"panel-grid panel-has-style\" ><div class=\"siteorigin-panels-stretch panel-row-style panel-row-style-for-11-1\" id=\"prihranite-section\" data-stretch-type=\"full\" ><div id=\"pgc-11-1-0\"  class=\"panel-grid-cell panel-grid-cell-empty\" ><\/div><div id=\"pgc-11-1-1\"  class=\"panel-grid-cell\" ><div id=\"panel-11-1-1-0\" class=\"so-panel widget widget_sow-editor panel-first-child\" data-index=\"2\" ><div\n\t\t\t\n\t\t\tclass=\"so-widget-sow-editor so-widget-sow-editor-base\"\n\t\t\t\n\t\t>\n<div class=\"siteorigin-widget-tinymce textwidget\">\n\t<p><span class=\"red-label-text\">PRIHRANITE Z ENERGIJO PLUS<\/span><\/p>\n<h2>Zavedamo se, da je dobro na\u010drtovanje stro\u0161kov za va\u0161e podjetje izjemno pomembno.<\/h2>\n<p class=\"gray\">V enem letu lahko <strong>PRIHRANITE VSE DO 200 \u20ac<\/strong><a class=\"pogoji-link\" href=\"#pogoji-akcije\">*<\/a> <small>(brez DDV)!<\/small><\/p>\n<\/div>\n<\/div><\/div><div id=\"panel-11-1-1-1\" class=\"so-panel widget widget_ctrl_buttons panel-last-child\" data-index=\"3\" ><div\n\t\t\t\n\t\t\tclass=\"so-widget-ctrl_buttons so-widget-ctrl_buttons-base\"\n\t\t\t\n\t\t>\t<div class=\"btn-group \">\n\t\t\t\t\t\n\t\t\t<a class=\"btn btn-cta\" href=\"#form-cell\" aria-label=\"Izkoristite akcijo in prihranite!\">Izkoristite akcijo in prihranite!<\/a>\n\n\t\t\t<\/div>\n<\/div><\/div><\/div><\/div><\/div><div id=\"pg-11-2\"  class=\"panel-grid panel-has-style\" ><div id=\"form-section\" class=\"panel-row-style panel-row-style-for-11-2\" ><div id=\"pgc-11-2-0\"  class=\"panel-grid-cell\" ><div id=\"form-cell\" class=\"panel-cell-style panel-cell-style-for-11-2-0\" ><div id=\"panel-11-2-0-0\" class=\"so-panel widget widget_sow-editor panel-first-child\" data-index=\"4\" ><div\n\t\t\t\n\t\t\tclass=\"so-widget-sow-editor so-widget-sow-editor-base\"\n\t\t\t\n\t\t>\n<div class=\"siteorigin-widget-tinymce textwidget\">\n\t<h2>Izkoristite akcijo in<\/h2>\n<h2 class=\"red-text\">PRIHRANITE VSE DO 200 \u20ac<a href=\"#pogoji-akcije\">*<\/a><\/h2>\n<\/div>\n<\/div><\/div><div id=\"panel-11-2-0-1\" class=\"widget_text so-panel widget widget_custom_html panel-last-child\" data-index=\"5\" ><div class=\"textwidget custom-html-widget\"><!-- SharpSpring Form for WWW - MPO EE Akcija Februar 2024  -->\n<script type=\"text\/javascript\">\n    var ss_form = {'account': 'MzawMDE3NrUwBwA', 'formID': 'BcHBEQAgDAKwiXi0oifjcNL9VzApRnotTM4FyUBUMMeuXq7t_g'};\n    ss_form.width = '100%';\n    ss_form.domain = 'app-3QNHS32BR6.marketingautomation.services';\n    \/\/ ss_form.hidden = {'field_id': 'value'}; \/\/ Modify this for sending hidden variables, or overriding values\n    \/\/ ss_form.target_id = 'target'; \/\/ Optional parameter: forms will be placed inside the element with the specified id\n    \/\/ ss_form.polling = true; \/\/ Optional parameter: set to true ONLY if your page loads dynamically and the id needs to be polled continually.\n<\/script>\n<script type=\"text\/javascript\" src=\"https:\/\/koi-3QNHS32BR6.marketingautomation.services\/client\/form.js?ver=2.0.1\"><\/script><\/div><\/div><\/div><\/div><div id=\"pgc-11-2-1\"  class=\"panel-grid-cell panel-grid-cell-empty\" ><\/div><div id=\"pgc-11-2-2\"  class=\"panel-grid-cell\" ><div id=\"prednosti-cell\" class=\"panel-cell-style panel-cell-style-for-11-2-2\" ><div id=\"panel-11-2-2-0\" class=\"so-panel widget widget_sow-editor panel-first-child\" data-index=\"6\" ><div\n\t\t\t\n\t\t\tclass=\"so-widget-sow-editor so-widget-sow-editor-base\"\n\t\t\t\n\t\t>\n<div class=\"siteorigin-widget-tinymce textwidget\">\n\t<p><span class=\"red-label-text\">PREDNOSTI ENERGIJE PLUS<\/span><\/p>\n<h2>Zaupa nam \u017ee 7.400 malih poslovnih odjemalcev.<\/h2>\n<\/div>\n<\/div><\/div><div id=\"panel-11-2-2-1\" class=\"so-panel widget widget_ctrl_list\" data-index=\"7\" ><div\n\t\t\t\n\t\t\tclass=\"so-widget-ctrl_list so-widget-ctrl_list-base\"\n\t\t\t\n\t\t><ul class=\"ctrl-list style-1\">\n\t\n\t\t<li>\n\t\t\tPrihranek do 200 \u20ac\/leto (brez ddv) <a class=\"pogoji-link\" href=\"#pogoji-akcije\">*<\/a>\t\t<\/li>\n\n\t\n\t\t<li>\n\t\t\tBrez skrbi pred povi\u0161anjem cen med letom \t\t<\/li>\n\n\t\n\t\t<li>\n\t\t\tZanesljiva in fleksibilna oskrba\t\t<\/li>\n\n\t\n\t\t<li>\n\t\t\tCelovite energetske re\u0161itve\t\t<\/li>\n\n\t\n\t\t<li>\n\t\t\tIndividualna obravnava\t\t<\/li>\n\n\t\n\t\t<li>\n\t\t\tDobavitelj z dolgoletno tradicijo\t\t<\/li>\n\n\t<\/ul>\n<\/div><\/div><div id=\"panel-11-2-2-2\" class=\"widget_text so-panel widget widget_custom_html panel-last-child\" data-index=\"8\" ><div class=\"widget_text bg-absolute z-index-0 panel-widget-style panel-widget-style-for-11-2-2-2\" ><div class=\"textwidget custom-html-widget\"><svg xmlns=\"http:\/\/www.w3.org\/2000\/svg\" width=\"443\" height=\"405\" viewBox=\"0 0 443 405\" fill=\"none\">\n<path d=\"M121.947 121.014H174.052V51.6739H121.947V0H52.1046V51.6739H0V121.014H52.1046V172.688H121.947V121.014ZM380.918 299.002V312.914C380.918 325.943 372.271 335.439 361.628 335.439H133.033C122.39 335.439 113.743 325.722 113.743 312.914V263.228H380.918H442.778V125.431C442.778 85.0191 413.511 52.3364 377.592 52.3364H195.559V121.677H361.85C372.492 121.677 381.14 131.172 381.14 143.318V194.109H113.965H52.1046V331.906C52.1046 372.317 81.3719 405 117.291 405H377.814C413.954 405 443 372.317 443 331.906V299.223H381.14L380.918 299.002Z\" fill=\"white\" fill-opacity=\"0.5\"\/>\n<\/svg><\/div><\/div><\/div><\/div><\/div><\/div><\/div><div id=\"pg-11-3\"  class=\"panel-grid panel-has-style\" ><div class=\"panel-row-style panel-row-style-for-11-3\" ><div id=\"pgc-11-3-0\"  class=\"panel-grid-cell\" ><div id=\"panel-11-3-0-0\" class=\"so-panel widget widget_sow-editor panel-first-child panel-last-child\" data-index=\"9\" ><div\n\t\t\t\n\t\t\tclass=\"so-widget-sow-editor so-widget-sow-editor-base\"\n\t\t\t\n\t\t>\n<div class=\"siteorigin-widget-tinymce textwidget\">\n\t<h2>Zadovoljni odjemalci<\/h2>\n<\/div>\n<\/div><\/div><\/div><\/div><\/div><div id=\"pg-11-4\"  class=\"panel-grid panel-has-style\" ><div id=\"carousel-section\" class=\"panel-row-style panel-row-style-for-11-4\" ><div id=\"pgc-11-4-0\"  class=\"panel-grid-cell\" ><div id=\"panel-11-4-0-0\" class=\"so-panel widget widget_ot_image_carousel panel-first-child panel-last-child\" data-index=\"10\" ><div\n\t\t\t\n\t\t\tclass=\"so-widget-ot_image_carousel so-widget-ot_image_carousel-base\"\n\t\t\t\n\t\t><div class=\"cards-carousel text-light gallery\" data-items=\"4\"data-items-mobile=\"1.2\" data-autoplay=\"\" data-slideby=\"1\">\n\t<div class=\"carousel-wrap\">\n\t\t\n        <div class=\"card-wrap\">\n            <div class=\"card\">               \n                \n                                    <div class=\"card-image\">\n                        <div class=\"overlay\"><\/div>\n                        <img loading=\"lazy\" decoding=\"async\" width=\"348\" height=\"336\" src=\"https:\/\/energijaplus.si\/akcijska-ponudba\/wp-content\/uploads\/2024\/09\/nives-1.jpg\" class=\"attachment-full size-full\" alt=\"\" srcset=\"https:\/\/energijaplus.si\/akcijska-ponudba\/wp-content\/uploads\/2024\/09\/nives-1.jpg 348w, https:\/\/energijaplus.si\/akcijska-ponudba\/wp-content\/uploads\/2024\/09\/nives-1-300x290.jpg 300w\" sizes=\"auto, (max-width: 348px) 100vw, 348px\" \/>                        <span class=\"caption\">Nives, vizualna umetnica<\/span>                    <\/div>\n                \n\n                \n\n                  \n            <\/div>\n        <\/div>\n      \n        <div class=\"card-wrap\">\n            <div class=\"card\">               \n                \n                                    <div class=\"card-image\">\n                        <div class=\"overlay\"><\/div>\n                        <img loading=\"lazy\" decoding=\"async\" width=\"348\" height=\"336\" src=\"https:\/\/energijaplus.si\/akcijska-ponudba\/wp-content\/uploads\/2024\/09\/Maja-1.jpg\" class=\"attachment-full size-full\" alt=\"\" srcset=\"https:\/\/energijaplus.si\/akcijska-ponudba\/wp-content\/uploads\/2024\/09\/Maja-1.jpg 348w, https:\/\/energijaplus.si\/akcijska-ponudba\/wp-content\/uploads\/2024\/09\/Maja-1-300x290.jpg 300w\" sizes=\"auto, (max-width: 348px) 100vw, 348px\" \/>                        <span class=\"caption\">Maja, frizerka<\/span>                    <\/div>\n                \n\n                \n\n                  \n            <\/div>\n        <\/div>\n      \n        <div class=\"card-wrap\">\n            <div class=\"card\">               \n                \n                                    <div class=\"card-image\">\n                        <div class=\"overlay\"><\/div>\n                        <img loading=\"lazy\" decoding=\"async\" width=\"348\" height=\"336\" src=\"https:\/\/energijaplus.si\/akcijska-ponudba\/wp-content\/uploads\/2024\/09\/Sebastijan-1.jpg\" class=\"attachment-full size-full\" alt=\"\" srcset=\"https:\/\/energijaplus.si\/akcijska-ponudba\/wp-content\/uploads\/2024\/09\/Sebastijan-1.jpg 348w, https:\/\/energijaplus.si\/akcijska-ponudba\/wp-content\/uploads\/2024\/09\/Sebastijan-1-300x290.jpg 300w\" sizes=\"auto, (max-width: 348px) 100vw, 348px\" \/>                        <span class=\"caption\">Sebastijan, obdelovalec lesa<\/span>                    <\/div>\n                \n\n                \n\n                  \n            <\/div>\n        <\/div>\n      \n        <div class=\"card-wrap\">\n            <div class=\"card\">               \n                \n                                    <div class=\"card-image\">\n                        <div class=\"overlay\"><\/div>\n                        <img loading=\"lazy\" decoding=\"async\" width=\"348\" height=\"336\" src=\"https:\/\/energijaplus.si\/akcijska-ponudba\/wp-content\/uploads\/2024\/09\/Luka-1.jpg\" class=\"attachment-full size-full\" alt=\"\" srcset=\"https:\/\/energijaplus.si\/akcijska-ponudba\/wp-content\/uploads\/2024\/09\/Luka-1.jpg 348w, https:\/\/energijaplus.si\/akcijska-ponudba\/wp-content\/uploads\/2024\/09\/Luka-1-300x290.jpg 300w\" sizes=\"auto, (max-width: 348px) 100vw, 348px\" \/>                        <span class=\"caption\">Luka, mehanik koles<\/span>                    <\/div>\n                \n\n                \n\n                  \n            <\/div>\n        <\/div>\n      \t<\/div>\n<\/div><\/div><\/div><\/div><\/div><\/div><div id=\"pg-11-5\"  class=\"panel-grid panel-has-style\" ><div class=\"siteorigin-panels-stretch panel-row-style panel-row-style-for-11-5\" id=\"cene-section\" data-stretch-type=\"full\" ><div id=\"pgc-11-5-0\"  class=\"panel-grid-cell panel-grid-cell-empty\" ><\/div><div id=\"pgc-11-5-1\"  class=\"panel-grid-cell panel-grid-cell-mobile-last\" ><div class=\"panel-cell-style panel-cell-style-for-11-5-1\" ><div id=\"panel-11-5-1-0\" class=\"so-panel widget widget_sow-editor panel-first-child\" data-index=\"11\" ><div\n\t\t\t\n\t\t\tclass=\"so-widget-sow-editor so-widget-sow-editor-base\"\n\t\t\t\n\t\t>\n<div class=\"siteorigin-widget-tinymce textwidget\">\n\t<h2>Nespremenjene cene elektri\u010dne energije<\/h2>\n<p>\u017de danes si zagotovite nespremenjene cene elektri\u010dne energije vse do konca leta 2026. To pomeni, da se boste lahko osredoto\u010dili na rast in razvoj va\u0161ega podjetja, ne da bi vas skrbeli morebitni nepri\u010dakovani stro\u0161ki elektri\u010dne energije.<\/p>\n<p><strong>Ponujene cene za dobavljeno elektri\u010dno energijo do 31. 12. 2026 so:<\/strong><\/p>\n<\/div>\n<\/div><\/div><div id=\"panel-11-5-1-1\" class=\"so-panel widget widget_media_image\" data-index=\"12\" ><img loading=\"lazy\" decoding=\"async\" width=\"960\" height=\"198\" src=\"https:\/\/energijaplus.si\/akcijska-ponudba\/wp-content\/uploads\/2024\/09\/cene-1.jpg\" class=\"image wp-image-105  attachment-full size-full\" alt=\"\" style=\"max-width: 100%; height: auto;\" srcset=\"https:\/\/energijaplus.si\/akcijska-ponudba\/wp-content\/uploads\/2024\/09\/cene-1.jpg 960w, https:\/\/energijaplus.si\/akcijska-ponudba\/wp-content\/uploads\/2024\/09\/cene-1-300x62.jpg 300w, https:\/\/energijaplus.si\/akcijska-ponudba\/wp-content\/uploads\/2024\/09\/cene-1-768x158.jpg 768w\" sizes=\"auto, (max-width: 960px) 100vw, 960px\" \/><\/div><div id=\"panel-11-5-1-2\" class=\"so-panel widget widget_sow-editor\" data-index=\"13\" ><div\n\t\t\t\n\t\t\tclass=\"so-widget-sow-editor so-widget-sow-editor-base\"\n\t\t\t\n\t\t>\n<div class=\"siteorigin-widget-tinymce textwidget\">\n\t<p>Nespremenjene cene si lahko zagotovite za obdobje do 31. 12. 2026.<br \/>\nIzbira je popolnoma va\u0161a!<\/p>\n<p><small id=\"pogoji-akcije\">*Akcijska ponudba velja za nove male poslovne odjemalce (odjemalce na nizki napetosti, ki niso gospodinjski odjemalci in imajo priklju\u010dno mo\u010d enako ali manj\u0161o od 43 kW) in bodo v \u010dasu trajanja akcije sklenili Odprto pogodbo o dobavi elektri\u010dne energije za poslovne odjemalce. Pohitite, saj je akcijska ponudba omejena in velja do preklica. Posebni pogoji in pravila posebne ponudbe so dostopni <a href=\"https:\/\/www.energijaplus.si\/images\/2025\/ceniki\/EE\/POS\/Posebni_pogoji_akcije_MPO_2024-2026_akcija_od_01062024_KONNI_2025_VK.pdf\" target=\"_blank\" rel=\"noopener\">tukaj<\/a>.<br \/>\n<\/small><\/p>\n<\/div>\n<\/div><\/div><div id=\"panel-11-5-1-3\" class=\"so-panel widget widget_ctrl_buttons panel-last-child\" data-index=\"14\" ><div\n\t\t\t\n\t\t\tclass=\"so-widget-ctrl_buttons so-widget-ctrl_buttons-base\"\n\t\t\t\n\t\t>\t<div class=\"btn-group flex-center\">\n\t\t\t\t\t\n\t\t\t<a class=\"btn btn-cta\" href=\"#form-cell\" aria-label=\"Izkoristite akcijo in prihranite!\">Izkoristite akcijo in prihranite!<\/a>\n\n\t\t\t<\/div>\n<\/div><\/div><\/div><\/div><div id=\"pgc-11-5-2\"  class=\"panel-grid-cell panel-grid-cell-empty\" ><\/div><\/div><\/div><div id=\"pg-11-6\"  class=\"panel-grid panel-has-style\" ><div id=\"menjava-dobavitelja-section\" class=\"panel-row-style panel-row-style-for-11-6\" ><div id=\"pgc-11-6-0\"  class=\"panel-grid-cell\" ><div id=\"panel-11-6-0-0\" class=\"so-panel widget widget_media_image panel-first-child\" data-index=\"15\" ><div class=\"display-desktop panel-widget-style panel-widget-style-for-11-6-0-0\" ><img loading=\"lazy\" decoding=\"async\" width=\"1440\" height=\"729\" src=\"https:\/\/energijaplus.si\/akcijska-ponudba\/wp-content\/uploads\/2024\/10\/Group-34925.png\" class=\"image wp-image-126  attachment-full size-full\" alt=\"\" style=\"max-width: 100%; height: auto;\" srcset=\"https:\/\/energijaplus.si\/akcijska-ponudba\/wp-content\/uploads\/2024\/10\/Group-34925.png 1440w, https:\/\/energijaplus.si\/akcijska-ponudba\/wp-content\/uploads\/2024\/10\/Group-34925-300x152.png 300w, https:\/\/energijaplus.si\/akcijska-ponudba\/wp-content\/uploads\/2024\/10\/Group-34925-1024x518.png 1024w, https:\/\/energijaplus.si\/akcijska-ponudba\/wp-content\/uploads\/2024\/10\/Group-34925-768x389.png 768w\" sizes=\"auto, (max-width: 1440px) 100vw, 1440px\" \/><\/div><\/div><div id=\"panel-11-6-0-1\" class=\"so-panel widget widget_media_image\" data-index=\"16\" ><div class=\"display-mobile panel-widget-style panel-widget-style-for-11-6-0-1\" ><img loading=\"lazy\" decoding=\"async\" width=\"430\" height=\"1025\" src=\"https:\/\/energijaplus.si\/akcijska-ponudba\/wp-content\/uploads\/2024\/10\/Banner_menjava_dobavitelja_mobile.png\" class=\"image wp-image-125  attachment-full size-full\" alt=\"\" style=\"max-width: 100%; height: auto;\" srcset=\"https:\/\/energijaplus.si\/akcijska-ponudba\/wp-content\/uploads\/2024\/10\/Banner_menjava_dobavitelja_mobile.png 430w, https:\/\/energijaplus.si\/akcijska-ponudba\/wp-content\/uploads\/2024\/10\/Banner_menjava_dobavitelja_mobile-126x300.png 126w\" sizes=\"auto, (max-width: 430px) 100vw, 430px\" \/><\/div><\/div><div id=\"panel-11-6-0-2\" class=\"so-panel widget widget_ctrl_buttons panel-last-child\" data-index=\"17\" ><div\n\t\t\t\n\t\t\tclass=\"so-widget-ctrl_buttons so-widget-ctrl_buttons-base\"\n\t\t\t\n\t\t>\t<div class=\"btn-group flex-center\">\n\t\t\t\t\t\n\t\t\t<a class=\"btn btn-cta\" href=\"#form-cell\" aria-label=\"Izkoristite akcijo in prihranite!\">Izkoristite akcijo in prihranite!<\/a>\n\n\t\t\t<\/div>\n<\/div><\/div><\/div><\/div><\/div><\/div>","protected":false},"excerpt":{"rendered":"<p>Posel na +,stro\u0161ki v minus! Akcijska ponudba elektrike za male poslovne odjemalce. PRIHRANITE Z ENERGIJO PLUS Zavedamo se, da je dobro na\u010drtovanje stro\u0161kov za va\u0161e podjetje izjemno pomembno. V enem letu lahko PRIHRANITE VSE DO 200 \u20ac* (brez DDV)!<\/p>\n","protected":false},"author":1,"featured_media":0,"parent":0,"menu_order":0,"comment_status":"closed","ping_status":"closed","template":"","meta":{"footnotes":""},"class_list":["post-11","page","type-page","status-publish","hentry"],"yoast_head":"<!-- This site is optimized with the Yoast SEO plugin v24.3 - https:\/\/yoast.com\/wordpress\/plugins\/seo\/ -->\n<title>Akcijska ponudba elektrike za male poslovne odjemalce - Energija plus<\/title>\n<meta name=\"description\" content=\"\u017de danes si zagotovite elektri\u010dne energije vse do konca leta 2026. Preverite, koliko lahko prihranite v enem letu! Obi\u0161\u010dite nas!\" \/>\n<meta name=\"robots\" content=\"noindex, follow, max-snippet:-1, max-image-preview:large, max-video-preview:-1\" \/>\n<meta property=\"og:locale\" content=\"en_US\" \/>\n<meta property=\"og:type\" content=\"article\" \/>\n<meta property=\"og:title\" content=\"Akcijska ponudba elektrike za male poslovne odjemalce - Energija plus\" \/>\n<meta property=\"og:description\" content=\"\u017de danes si zagotovite elektri\u010dne energije vse do konca leta 2026. Preverite, koliko lahko prihranite v enem letu! Obi\u0161\u010dite nas!\" \/>\n<meta property=\"og:url\" content=\"https:\/\/energijaplus.si\/akcijska-ponudba\/\" \/>\n<meta property=\"og:site_name\" content=\"Energija plus\" \/>\n<meta property=\"article:modified_time\" content=\"2025-11-04T07:11:45+00:00\" \/>\n<meta name=\"twitter:card\" content=\"summary_large_image\" \/>\n<meta name=\"twitter:label1\" content=\"Est. reading time\" \/>\n\t<meta name=\"twitter:data1\" content=\"3 minutes\" \/>\n<script type=\"application\/ld+json\" class=\"yoast-schema-graph\">{\"@context\":\"https:\/\/schema.org\",\"@graph\":[{\"@type\":\"WebPage\",\"@id\":\"https:\/\/energijaplus.si\/akcijska-ponudba\/\",\"url\":\"https:\/\/energijaplus.si\/akcijska-ponudba\/\",\"name\":\"Akcijska ponudba elektrike za male poslovne odjemalce - Energija plus\",\"isPartOf\":{\"@id\":\"https:\/\/energijaplus.si\/akcijska-ponudba\/#website\"},\"datePublished\":\"2024-09-23T05:37:28+00:00\",\"dateModified\":\"2025-11-04T07:11:45+00:00\",\"description\":\"\u017de danes si zagotovite elektri\u010dne energije vse do konca leta 2026. Preverite, koliko lahko prihranite v enem letu! Obi\u0161\u010dite nas!\",\"breadcrumb\":{\"@id\":\"https:\/\/energijaplus.si\/akcijska-ponudba\/#breadcrumb\"},\"inLanguage\":\"en-US\",\"potentialAction\":[{\"@type\":\"ReadAction\",\"target\":[\"https:\/\/energijaplus.si\/akcijska-ponudba\/\"]}]},{\"@type\":\"BreadcrumbList\",\"@id\":\"https:\/\/energijaplus.si\/akcijska-ponudba\/#breadcrumb\",\"itemListElement\":[{\"@type\":\"ListItem\",\"position\":1,\"name\":\"Home\",\"item\":\"https:\/\/energijaplus.si\/akcijska-ponudba\/\"},{\"@type\":\"ListItem\",\"position\":2,\"name\":\"Landing\"}]},{\"@type\":\"WebSite\",\"@id\":\"https:\/\/energijaplus.si\/akcijska-ponudba\/#website\",\"url\":\"https:\/\/energijaplus.si\/akcijska-ponudba\/\",\"name\":\"Energija plus\",\"description\":\"Akcijska ponudba elektrike za male poslovne odjemalce\",\"potentialAction\":[{\"@type\":\"SearchAction\",\"target\":{\"@type\":\"EntryPoint\",\"urlTemplate\":\"https:\/\/energijaplus.si\/akcijska-ponudba\/?s={search_term_string}\"},\"query-input\":{\"@type\":\"PropertyValueSpecification\",\"valueRequired\":true,\"valueName\":\"search_term_string\"}}],\"inLanguage\":\"en-US\"}]}<\/script>\n<!-- \/ Yoast SEO plugin. -->","yoast_head_json":{"title":"Akcijska ponudba elektrike za male poslovne odjemalce - Energija plus","description":"\u017de danes si zagotovite elektri\u010dne energije vse do konca leta 2026. Preverite, koliko lahko prihranite v enem letu! Obi\u0161\u010dite nas!","robots":{"index":"noindex","follow":"follow","max-snippet":"max-snippet:-1","max-image-preview":"max-image-preview:large","max-video-preview":"max-video-preview:-1"},"og_locale":"en_US","og_type":"article","og_title":"Akcijska ponudba elektrike za male poslovne odjemalce - Energija plus","og_description":"\u017de danes si zagotovite elektri\u010dne energije vse do konca leta 2026. Preverite, koliko lahko prihranite v enem letu! Obi\u0161\u010dite nas!","og_url":"https:\/\/energijaplus.si\/akcijska-ponudba\/","og_site_name":"Energija plus","article_modified_time":"2025-11-04T07:11:45+00:00","twitter_card":"summary_large_image","twitter_misc":{"Est. reading time":"3 minutes"},"schema":{"@context":"https:\/\/schema.org","@graph":[{"@type":"WebPage","@id":"https:\/\/energijaplus.si\/akcijska-ponudba\/","url":"https:\/\/energijaplus.si\/akcijska-ponudba\/","name":"Akcijska ponudba elektrike za male poslovne odjemalce - Energija plus","isPartOf":{"@id":"https:\/\/energijaplus.si\/akcijska-ponudba\/#website"},"datePublished":"2024-09-23T05:37:28+00:00","dateModified":"2025-11-04T07:11:45+00:00","description":"\u017de danes si zagotovite elektri\u010dne energije vse do konca leta 2026. Preverite, koliko lahko prihranite v enem letu! Obi\u0161\u010dite nas!","breadcrumb":{"@id":"https:\/\/energijaplus.si\/akcijska-ponudba\/#breadcrumb"},"inLanguage":"en-US","potentialAction":[{"@type":"ReadAction","target":["https:\/\/energijaplus.si\/akcijska-ponudba\/"]}]},{"@type":"BreadcrumbList","@id":"https:\/\/energijaplus.si\/akcijska-ponudba\/#breadcrumb","itemListElement":[{"@type":"ListItem","position":1,"name":"Home","item":"https:\/\/energijaplus.si\/akcijska-ponudba\/"},{"@type":"ListItem","position":2,"name":"Landing"}]},{"@type":"WebSite","@id":"https:\/\/energijaplus.si\/akcijska-ponudba\/#website","url":"https:\/\/energijaplus.si\/akcijska-ponudba\/","name":"Energija plus","description":"Akcijska ponudba elektrike za male poslovne odjemalce","potentialAction":[{"@type":"SearchAction","target":{"@type":"EntryPoint","urlTemplate":"https:\/\/energijaplus.si\/akcijska-ponudba\/?s={search_term_string}"},"query-input":{"@type":"PropertyValueSpecification","valueRequired":true,"valueName":"search_term_string"}}],"inLanguage":"en-US"}]}},"_links":{"self":[{"href":"https:\/\/energijaplus.si\/akcijska-ponudba\/wp-json\/wp\/v2\/pages\/11","targetHints":{"allow":["GET"]}}],"collection":[{"href":"https:\/\/energijaplus.si\/akcijska-ponudba\/wp-json\/wp\/v2\/pages"}],"about":[{"href":"https:\/\/energijaplus.si\/akcijska-ponudba\/wp-json\/wp\/v2\/types\/page"}],"author":[{"embeddable":true,"href":"https:\/\/energijaplus.si\/akcijska-ponudba\/wp-json\/wp\/v2\/users\/1"}],"replies":[{"embeddable":true,"href":"https:\/\/energijaplus.si\/akcijska-ponudba\/wp-json\/wp\/v2\/comments?post=11"}],"version-history":[{"count":34,"href":"https:\/\/energijaplus.si\/akcijska-ponudba\/wp-json\/wp\/v2\/pages\/11\/revisions"}],"predecessor-version":[{"id":147,"href":"https:\/\/energijaplus.si\/akcijska-ponudba\/wp-json\/wp\/v2\/pages\/11\/revisions\/147"}],"wp:attachment":[{"href":"https:\/\/energijaplus.si\/akcijska-ponudba\/wp-json\/wp\/v2\/media?parent=11"}],"curies":[{"name":"wp","href":"https:\/\/api.w.org\/{rel}","templated":true}]}}